{"id":1004,"date":"2021-08-28T22:54:53","date_gmt":"2021-08-28T22:54:53","guid":{"rendered":"https:\/\/www.bonanzaturf.com\/a-propos-de-nous\/"},"modified":"2025-05-07T17:47:56","modified_gmt":"2025-05-07T17:47:56","slug":"a-propos-de-nous","status":"publish","type":"page","link":"https:\/\/www.bonanzaturf.com\/fr\/a-propos-de-nous\/","title":{"rendered":"A propos de nous"},"content":{"rendered":"\t\t<div data-elementor-type=\"wp-page\" data-elementor-id=\"1004\" class=\"elementor elementor-1004 elementor-267\">\n\t\t\t\t\t\t\t<div class=\"elementor-element elementor-element-4e7991e e-flex e-con-boxed e-con e-parent\" data-id=\"4e7991e\" data-element_type=\"container\" data-settings=\"{&quot;background_background&quot;:&quot;classic&quot;,&quot;content_width&quot;:&quot;boxed&quot;}\" data-e-bg-lazyload=\"\" data-core-v316-plus=\"true\">\n\t\t\t\t\t<div class=\"e-con-inner\">\n\t\t\t\t<div class=\"elementor-element elementor-element-1d611f3 elementor-widget elementor-widget-heading\" data-id=\"1d611f3\" data-element_type=\"widget\" data-widget_type=\"heading.default\">\n\t\t\t\t<div class=\"elementor-widget-container\">\n\t\t\t<style>\/*! elementor - v3.16.0 - 20-09-2023 *\/\n.elementor-heading-title{padding:0;margin:0;line-height:1}.elementor-widget-heading .elementor-heading-title[class*=elementor-size-]>a{color:inherit;font-size:inherit;line-height:inherit}.elementor-widget-heading .elementor-heading-title.elementor-size-small{font-size:15px}.elementor-widget-heading .elementor-heading-title.elementor-size-medium{font-size:19px}.elementor-widget-heading .elementor-heading-title.elementor-size-large{font-size:29px}.elementor-widget-heading .elementor-heading-title.elementor-size-xl{font-size:39px}.elementor-widget-heading .elementor-heading-title.elementor-size-xxl{font-size:59px}<\/style><h1 class=\"elementor-heading-title elementor-size-default\">Installation de gazon artificiel<\/h1>\t\t<\/div>\n\t\t\t\t<\/div>\n\t\t\t\t\t<\/div>\n\t\t\t\t<\/div>\n\t\t<div class=\"elementor-element elementor-element-d1d4be2 e-flex e-con-boxed e-con e-parent\" data-id=\"d1d4be2\" data-element_type=\"container\" data-settings=\"{&quot;content_width&quot;:&quot;boxed&quot;}\" data-core-v316-plus=\"true\">\n\t\t\t\t\t<div class=\"e-con-inner\">\n\t\t\t\t<div class=\"elementor-element elementor-element-aadfad2 elementor-widget elementor-widget-heading\" data-id=\"aadfad2\" data-element_type=\"widget\" data-widget_type=\"heading.default\">\n\t\t\t\t<div class=\"elementor-widget-container\">\n\t\t\t<div class=\"elementor-heading-title elementor-size-default\">\u00c0 PROPOS DE BONANZA TURF<\/div>\t\t<\/div>\n\t\t\t\t<\/div>\n\t\t\t\t<div class=\"elementor-element elementor-element-4f4f346 elementor-widget elementor-widget-text-editor\" data-id=\"4f4f346\" data-element_type=\"widget\" data-widget_type=\"text-editor.default\">\n\t\t\t\t<div class=\"elementor-widget-container\">\n\t\t\t<style>\/*! elementor - v3.16.0 - 20-09-2023 *\/\n.elementor-widget-text-editor.elementor-drop-cap-view-stacked .elementor-drop-cap{background-color:#69727d;color:#fff}.elementor-widget-text-editor.elementor-drop-cap-view-framed .elementor-drop-cap{color:#69727d;border:3px solid;background-color:transparent}.elementor-widget-text-editor:not(.elementor-drop-cap-view-default) .elementor-drop-cap{margin-top:8px}.elementor-widget-text-editor:not(.elementor-drop-cap-view-default) .elementor-drop-cap-letter{width:1em;height:1em}.elementor-widget-text-editor .elementor-drop-cap{float:left;text-align:center;line-height:1;font-size:50px}.elementor-widget-text-editor .elementor-drop-cap-letter{display:inline-block}<\/style>\t\t\t\t<p>Bonanza Turf a pour mission d&rsquo;aider \u00e0 cr\u00e9er des espaces merveilleux.<br \/>Nous fournissons des gazons artificiels de haute qualit\u00e9 et \u00e0 des prix abordables pour une vari\u00e9t\u00e9 d&rsquo;utilisations dans les domaines de l&rsquo;am\u00e9nagement paysager, de l&rsquo;\u00e9ducation et du sport.<br \/>En fait, nous travaillons avec vous pour que votre jardin soit un havre de bonheur, de paix et de tranquillit\u00e9 pour vous et votre famille.<br \/>Faites-nous part de l&rsquo;espace dont vous r\u00eavez en nous contactant et nous vous aiderons \u00e0 en faire une r\u00e9alit\u00e9, en commen\u00e7ant par un \u00e9chantillon gratuit !<\/p>\t\t\t\t\t\t<\/div>\n\t\t\t\t<\/div>\n\t\t\t\t\t<\/div>\n\t\t\t\t<\/div>\n\t\t\t\t\t\t\t<\/div>\n\t\t","protected":false},"excerpt":{"rendered":"<p>Installation de gazon artificiel \u00c0 PROPOS DE BONANZA TURF Bonanza Turf a pour mission d&rsquo;aider \u00e0 cr\u00e9er des espaces merveilleux.Nous fournissons des gazons artificiels de haute qualit\u00e9 et \u00e0 des prix abordables pour une vari\u00e9t\u00e9 d&rsquo;utilisations dans les domaines de l&rsquo;am\u00e9nagement paysager, de l&rsquo;\u00e9ducation et&#8230;<\/p>\n","protected":false},"author":1,"featured_media":0,"parent":0,"menu_order":0,"comment_status":"closed","ping_status":"closed","template":"elementor_header_footer","meta":{"footnotes":""},"class_list":["post-1004","page","type-page","status-publish","hentry"],"yoast_head":"<!-- This site is optimized with the Yoast SEO plugin v22.7 - https:\/\/yoast.com\/wordpress\/plugins\/seo\/ -->\n<title>A propos de nous - Bonanza Turf - artificial grass<\/title>\n<meta name=\"robots\" content=\"index, follow, max-snippet:-1, max-image-preview:large, max-video-preview:-1\" \/>\n<link rel=\"canonical\" href=\"https:\/\/www.bonanzaturf.com\/fr\/a-propos-de-nous\/\" \/>\n<meta property=\"og:locale\" content=\"fr_FR\" \/>\n<meta property=\"og:type\" content=\"article\" \/>\n<meta property=\"og:title\" content=\"A propos de nous - Bonanza Turf - artificial grass\" \/>\n<meta property=\"og:description\" content=\"Installation de gazon artificiel \u00c0 PROPOS DE BONANZA TURF Bonanza Turf a pour mission d&rsquo;aider \u00e0 cr\u00e9er des espaces merveilleux.Nous fournissons des gazons artificiels de haute qualit\u00e9 et \u00e0 des prix abordables pour une vari\u00e9t\u00e9 d&rsquo;utilisations dans les domaines de l&rsquo;am\u00e9nagement paysager, de l&rsquo;\u00e9ducation et...\" \/>\n<meta property=\"og:url\" content=\"https:\/\/www.bonanzaturf.com\/fr\/a-propos-de-nous\/\" \/>\n<meta property=\"og:site_name\" content=\"Bonanza Turf - artificial grass\" \/>\n<meta property=\"article:modified_time\" content=\"2025-05-07T17:47:56+00:00\" \/>\n<meta name=\"twitter:card\" content=\"summary_large_image\" \/>\n<meta name=\"twitter:label1\" content=\"Dur\u00e9e de lecture estim\u00e9e\" \/>\n\t<meta name=\"twitter:data1\" content=\"1 minute\" \/>\n<script type=\"application\/ld+json\" class=\"yoast-schema-graph\">{\"@context\":\"https:\/\/schema.org\",\"@graph\":[{\"@type\":\"WebPage\",\"@id\":\"https:\/\/www.bonanzaturf.com\/fr\/a-propos-de-nous\/\",\"url\":\"https:\/\/www.bonanzaturf.com\/fr\/a-propos-de-nous\/\",\"name\":\"A propos de nous - Bonanza Turf - artificial grass\",\"isPartOf\":{\"@id\":\"https:\/\/www.bonanzaturf.com\/fr\/#website\"},\"datePublished\":\"2021-08-28T22:54:53+00:00\",\"dateModified\":\"2025-05-07T17:47:56+00:00\",\"breadcrumb\":{\"@id\":\"https:\/\/www.bonanzaturf.com\/fr\/a-propos-de-nous\/#breadcrumb\"},\"inLanguage\":\"fr-FR\",\"potentialAction\":[{\"@type\":\"ReadAction\",\"target\":[\"https:\/\/www.bonanzaturf.com\/fr\/a-propos-de-nous\/\"]}]},{\"@type\":\"BreadcrumbList\",\"@id\":\"https:\/\/www.bonanzaturf.com\/fr\/a-propos-de-nous\/#breadcrumb\",\"itemListElement\":[{\"@type\":\"ListItem\",\"position\":1,\"name\":\"Home\",\"item\":\"https:\/\/www.bonanzaturf.com\/fr\/\"},{\"@type\":\"ListItem\",\"position\":2,\"name\":\"A propos de nous\"}]},{\"@type\":\"WebSite\",\"@id\":\"https:\/\/www.bonanzaturf.com\/fr\/#website\",\"url\":\"https:\/\/www.bonanzaturf.com\/fr\/\",\"name\":\"Bonanza Turf - artificial grass\",\"description\":\"Synthetic Turf - Synthetic grass installation\",\"publisher\":{\"@id\":\"https:\/\/www.bonanzaturf.com\/fr\/#organization\"},\"potentialAction\":[{\"@type\":\"SearchAction\",\"target\":{\"@type\":\"EntryPoint\",\"urlTemplate\":\"https:\/\/www.bonanzaturf.com\/fr\/?s={search_term_string}\"},\"query-input\":\"required name=search_term_string\"}],\"inLanguage\":\"fr-FR\"},{\"@type\":\"Organization\",\"@id\":\"https:\/\/www.bonanzaturf.com\/fr\/#organization\",\"name\":\"Bonanza Turf\",\"url\":\"https:\/\/www.bonanzaturf.com\/fr\/\",\"logo\":{\"@type\":\"ImageObject\",\"inLanguage\":\"fr-FR\",\"@id\":\"https:\/\/www.bonanzaturf.com\/fr\/#\/schema\/logo\/image\/\",\"url\":\"http:\/\/bonanzaturf.com\/wp-content\/uploads\/2021\/09\/LOGO-HEADER_BONANZA-GRASS-CANADA.png\",\"contentUrl\":\"http:\/\/bonanzaturf.com\/wp-content\/uploads\/2021\/09\/LOGO-HEADER_BONANZA-GRASS-CANADA.png\",\"width\":300,\"height\":128,\"caption\":\"Bonanza Turf\"},\"image\":{\"@id\":\"https:\/\/www.bonanzaturf.com\/fr\/#\/schema\/logo\/image\/\"}}]}<\/script>\n<!-- \/ Yoast SEO plugin. -->","yoast_head_json":{"title":"A propos de nous - Bonanza Turf - artificial grass","robots":{"index":"index","follow":"follow","max-snippet":"max-snippet:-1","max-image-preview":"max-image-preview:large","max-video-preview":"max-video-preview:-1"},"canonical":"https:\/\/www.bonanzaturf.com\/fr\/a-propos-de-nous\/","og_locale":"fr_FR","og_type":"article","og_title":"A propos de nous - Bonanza Turf - artificial grass","og_description":"Installation de gazon artificiel \u00c0 PROPOS DE BONANZA TURF Bonanza Turf a pour mission d&rsquo;aider \u00e0 cr\u00e9er des espaces merveilleux.Nous fournissons des gazons artificiels de haute qualit\u00e9 et \u00e0 des prix abordables pour une vari\u00e9t\u00e9 d&rsquo;utilisations dans les domaines de l&rsquo;am\u00e9nagement paysager, de l&rsquo;\u00e9ducation et...","og_url":"https:\/\/www.bonanzaturf.com\/fr\/a-propos-de-nous\/","og_site_name":"Bonanza Turf - artificial grass","article_modified_time":"2025-05-07T17:47:56+00:00","twitter_card":"summary_large_image","twitter_misc":{"Dur\u00e9e de lecture estim\u00e9e":"1 minute"},"schema":{"@context":"https:\/\/schema.org","@graph":[{"@type":"WebPage","@id":"https:\/\/www.bonanzaturf.com\/fr\/a-propos-de-nous\/","url":"https:\/\/www.bonanzaturf.com\/fr\/a-propos-de-nous\/","name":"A propos de nous - Bonanza Turf - artificial grass","isPartOf":{"@id":"https:\/\/www.bonanzaturf.com\/fr\/#website"},"datePublished":"2021-08-28T22:54:53+00:00","dateModified":"2025-05-07T17:47:56+00:00","breadcrumb":{"@id":"https:\/\/www.bonanzaturf.com\/fr\/a-propos-de-nous\/#breadcrumb"},"inLanguage":"fr-FR","potentialAction":[{"@type":"ReadAction","target":["https:\/\/www.bonanzaturf.com\/fr\/a-propos-de-nous\/"]}]},{"@type":"BreadcrumbList","@id":"https:\/\/www.bonanzaturf.com\/fr\/a-propos-de-nous\/#breadcrumb","itemListElement":[{"@type":"ListItem","position":1,"name":"Home","item":"https:\/\/www.bonanzaturf.com\/fr\/"},{"@type":"ListItem","position":2,"name":"A propos de nous"}]},{"@type":"WebSite","@id":"https:\/\/www.bonanzaturf.com\/fr\/#website","url":"https:\/\/www.bonanzaturf.com\/fr\/","name":"Bonanza Turf - artificial grass","description":"Synthetic Turf - Synthetic grass installation","publisher":{"@id":"https:\/\/www.bonanzaturf.com\/fr\/#organization"},"potentialAction":[{"@type":"SearchAction","target":{"@type":"EntryPoint","urlTemplate":"https:\/\/www.bonanzaturf.com\/fr\/?s={search_term_string}"},"query-input":"required name=search_term_string"}],"inLanguage":"fr-FR"},{"@type":"Organization","@id":"https:\/\/www.bonanzaturf.com\/fr\/#organization","name":"Bonanza Turf","url":"https:\/\/www.bonanzaturf.com\/fr\/","logo":{"@type":"ImageObject","inLanguage":"fr-FR","@id":"https:\/\/www.bonanzaturf.com\/fr\/#\/schema\/logo\/image\/","url":"http:\/\/bonanzaturf.com\/wp-content\/uploads\/2021\/09\/LOGO-HEADER_BONANZA-GRASS-CANADA.png","contentUrl":"http:\/\/bonanzaturf.com\/wp-content\/uploads\/2021\/09\/LOGO-HEADER_BONANZA-GRASS-CANADA.png","width":300,"height":128,"caption":"Bonanza Turf"},"image":{"@id":"https:\/\/www.bonanzaturf.com\/fr\/#\/schema\/logo\/image\/"}}]}},"_links":{"self":[{"href":"https:\/\/www.bonanzaturf.com\/fr\/wp-json\/wp\/v2\/pages\/1004","targetHints":{"allow":["GET"]}}],"collection":[{"href":"https:\/\/www.bonanzaturf.com\/fr\/wp-json\/wp\/v2\/pages"}],"about":[{"href":"https:\/\/www.bonanzaturf.com\/fr\/wp-json\/wp\/v2\/types\/page"}],"author":[{"embeddable":true,"href":"https:\/\/www.bonanzaturf.com\/fr\/wp-json\/wp\/v2\/users\/1"}],"replies":[{"embeddable":true,"href":"https:\/\/www.bonanzaturf.com\/fr\/wp-json\/wp\/v2\/comments?post=1004"}],"version-history":[{"count":18,"href":"https:\/\/www.bonanzaturf.com\/fr\/wp-json\/wp\/v2\/pages\/1004\/revisions"}],"predecessor-version":[{"id":1303,"href":"https:\/\/www.bonanzaturf.com\/fr\/wp-json\/wp\/v2\/pages\/1004\/revisions\/1303"}],"wp:attachment":[{"href":"https:\/\/www.bonanzaturf.com\/fr\/wp-json\/wp\/v2\/media?parent=1004"}],"curies":[{"name":"wp","href":"https:\/\/api.w.org\/{rel}","templated":true}]}}