{"id":1306,"date":"2025-03-27T05:07:52","date_gmt":"2025-03-27T05:07:52","guid":{"rendered":"https:\/\/www.bonanzaturf.com\/bona-garden-45-mm-grass\/"},"modified":"2025-05-09T17:57:22","modified_gmt":"2025-05-09T17:57:22","slug":"bona-garden-45-mm-grass","status":"publish","type":"page","link":"https:\/\/www.bonanzaturf.com\/fr\/bona-garden-45-mm-grass\/","title":{"rendered":"Bona Garden 45 mm Grass"},"content":{"rendered":"\t\t<div data-elementor-type=\"wp-page\" data-elementor-id=\"1306\" class=\"elementor elementor-1306 elementor-1197\">\n\t\t\t\t\t\t\t<div class=\"elementor-element elementor-element-5ce34ea e-flex e-con-boxed e-con e-parent\" data-id=\"5ce34ea\" data-element_type=\"container\" data-settings=\"{&quot;background_background&quot;:&quot;classic&quot;,&quot;content_width&quot;:&quot;boxed&quot;}\" data-e-bg-lazyload=\"\" data-core-v316-plus=\"true\">\n\t\t\t\t\t<div class=\"e-con-inner\">\n\t\t\t\t<div class=\"elementor-element elementor-element-344fd14 elementor-widget elementor-widget-heading\" data-id=\"344fd14\" data-element_type=\"widget\" data-widget_type=\"heading.default\">\n\t\t\t\t<div class=\"elementor-widget-container\">\n\t\t\t<style>\/*! elementor - v3.16.0 - 20-09-2023 *\/\n.elementor-heading-title{padding:0;margin:0;line-height:1}.elementor-widget-heading .elementor-heading-title[class*=elementor-size-]>a{color:inherit;font-size:inherit;line-height:inherit}.elementor-widget-heading .elementor-heading-title.elementor-size-small{font-size:15px}.elementor-widget-heading .elementor-heading-title.elementor-size-medium{font-size:19px}.elementor-widget-heading .elementor-heading-title.elementor-size-large{font-size:29px}.elementor-widget-heading .elementor-heading-title.elementor-size-xl{font-size:39px}.elementor-widget-heading .elementor-heading-title.elementor-size-xxl{font-size:59px}<\/style><h1 class=\"elementor-heading-title elementor-size-default\">Produits de gazon artificiel<\/h1>\t\t<\/div>\n\t\t\t\t<\/div>\n\t\t\t\t\t<\/div>\n\t\t\t\t<\/div>\n\t\t<div class=\"elementor-element elementor-element-278d643 e-flex e-con-boxed e-con e-parent\" data-id=\"278d643\" data-element_type=\"container\" data-settings=\"{&quot;content_width&quot;:&quot;boxed&quot;}\" data-core-v316-plus=\"true\">\n\t\t\t\t\t<div class=\"e-con-inner\">\n\t\t\t\t<div class=\"elementor-element elementor-element-2c89b47 elementor-widget elementor-widget-image\" data-id=\"2c89b47\" data-element_type=\"widget\" data-widget_type=\"image.default\">\n\t\t\t\t<div class=\"elementor-widget-container\">\n\t\t\t<style>\/*! elementor - v3.16.0 - 20-09-2023 *\/\n.elementor-widget-image{text-align:center}.elementor-widget-image a{display:inline-block}.elementor-widget-image a img[src$=\".svg\"]{width:48px}.elementor-widget-image img{vertical-align:middle;display:inline-block}<\/style>\t\t\t\t\t\t\t\t\t\t\t\t<img loading=\"lazy\" decoding=\"async\" width=\"1024\" height=\"768\" src=\"https:\/\/bonanzaturf.b-cdn.net\/wp-content\/uploads\/2018\/05\/Bona-Garden-38-mm-5-1024x768.jpg\" class=\"attachment-large size-large wp-image-996\" alt=\"\" srcset=\"https:\/\/bonanzaturf.b-cdn.net\/wp-content\/uploads\/2018\/05\/Bona-Garden-38-mm-5-1024x768.jpg 1024w, https:\/\/bonanzaturf.b-cdn.net\/wp-content\/uploads\/2018\/05\/Bona-Garden-38-mm-5-300x225.jpg 300w, https:\/\/bonanzaturf.b-cdn.net\/wp-content\/uploads\/2018\/05\/Bona-Garden-38-mm-5-768x576.jpg 768w, https:\/\/bonanzaturf.b-cdn.net\/wp-content\/uploads\/2018\/05\/Bona-Garden-38-mm-5-1536x1152.jpg 1536w, https:\/\/bonanzaturf.b-cdn.net\/wp-content\/uploads\/2018\/05\/Bona-Garden-38-mm-5-2048x1536.jpg 2048w, https:\/\/bonanzaturf.b-cdn.net\/wp-content\/uploads\/2018\/05\/Bona-Garden-38-mm-5-800x600.jpg 800w, https:\/\/bonanzaturf.b-cdn.net\/wp-content\/uploads\/2018\/05\/Bona-Garden-38-mm-5-700x525.jpg 700w, https:\/\/bonanzaturf.b-cdn.net\/wp-content\/uploads\/2018\/05\/Bona-Garden-38-mm-5-600x450.jpg 600w\" sizes=\"auto, (max-width: 1024px) 100vw, 1024px\" \/>\t\t\t\t\t\t\t\t\t\t\t\t\t\t\t<\/div>\n\t\t\t\t<\/div>\n\t\t<div class=\"elementor-element elementor-element-e408ffd e-flex e-con-boxed e-con e-child\" data-id=\"e408ffd\" data-element_type=\"container\" data-settings=\"{&quot;content_width&quot;:&quot;boxed&quot;}\">\n\t\t\t\t\t<div class=\"e-con-inner\">\n\t\t\t\t<div class=\"elementor-element elementor-element-bd5226e elementor-widget elementor-widget-heading\" data-id=\"bd5226e\" data-element_type=\"widget\" data-widget_type=\"heading.default\">\n\t\t\t\t<div class=\"elementor-widget-container\">\n\t\t\t<h1 class=\"elementor-heading-title elementor-size-default\">Gazon Bona Garden 45 mm<\/h1>\t\t<\/div>\n\t\t\t\t<\/div>\n\t\t\t\t<div class=\"elementor-element elementor-element-8e21bfa elementor-widget elementor-widget-text-editor\" data-id=\"8e21bfa\" data-element_type=\"widget\" data-widget_type=\"text-editor.default\">\n\t\t\t\t<div class=\"elementor-widget-container\">\n\t\t\t<style>\/*! elementor - v3.16.0 - 20-09-2023 *\/\n.elementor-widget-text-editor.elementor-drop-cap-view-stacked .elementor-drop-cap{background-color:#69727d;color:#fff}.elementor-widget-text-editor.elementor-drop-cap-view-framed .elementor-drop-cap{color:#69727d;border:3px solid;background-color:transparent}.elementor-widget-text-editor:not(.elementor-drop-cap-view-default) .elementor-drop-cap{margin-top:8px}.elementor-widget-text-editor:not(.elementor-drop-cap-view-default) .elementor-drop-cap-letter{width:1em;height:1em}.elementor-widget-text-editor .elementor-drop-cap{float:left;text-align:center;line-height:1;font-size:50px}.elementor-widget-text-editor .elementor-drop-cap-letter{display:inline-block}<\/style>\t\t\t\t<p>Id\u00e9al pour les arri\u00e8re-cours et les terrains de jeux, ce mod\u00e8le est parfait pour les enfants et les chiens et ne n\u00e9cessite aucun entretien. Il est tr\u00e8s r\u00e9sistant et id\u00e9al pour les zones \u00e0 fort trafic pi\u00e9tonnier.<\/p><ul><li><strong>Protection UV<\/strong> : Notre gazon est dot\u00e9 d&rsquo;une protection contre les UV, la couleur du gazon ne se d\u00e9colorera donc pas.<\/li><li><strong>R\u00e9sistant \u00e0 la chaleur et au gel<\/strong> : ce gazon r\u00e9siste aux temp\u00e9ratures extr\u00eames.<\/li><li><strong>Ininflammable<\/strong> : Le gazon a fait l&rsquo;objet d&rsquo;un test EFI et est donc ignifug\u00e9.<\/li><li><strong>Support PU<\/strong> : Notre support est recouvert de PU (polyur\u00e9thane) et n&rsquo;absorbe donc pas l&rsquo;humidit\u00e9 et les liquides. Le PU est \u00e9galement plus r\u00e9sistant et mieux adapt\u00e9 aux conditions climatiques extr\u00eames.<\/li><\/ul><p><strong>Herbe de marque<\/strong> : Pour une plus grande tranquillit\u00e9 d&rsquo;esprit, nous sommes la seule entreprise \u00e0 avoir appos\u00e9 une marque sur le dos de son gazon. Ainsi, en cas de probl\u00e8me de qualit\u00e9, il est facile de l&rsquo;identifier.<\/p>\t\t\t\t\t\t<\/div>\n\t\t\t\t<\/div>\n\t\t\t\t<div class=\"elementor-element elementor-element-d1c143c elementor-widget elementor-widget-button\" data-id=\"d1c143c\" data-element_type=\"widget\" data-widget_type=\"button.default\">\n\t\t\t\t<div class=\"elementor-widget-container\">\n\t\t\t\t\t<div class=\"elementor-button-wrapper\">\n\t\t\t<a class=\"elementor-button elementor-button-link elementor-size-md\" href=\"\/fr\/contactez-nous\/\">\n\t\t\t\t\t\t<span class=\"elementor-button-content-wrapper\">\n\t\t\t\t\t\t<span class=\"elementor-button-text\">\u00c9CHANTILLON GRATUIT<\/span>\n\t\t<\/span>\n\t\t\t\t\t<\/a>\n\t\t<\/div>\n\t\t\t\t<\/div>\n\t\t\t\t<\/div>\n\t\t\t\t<div class=\"elementor-element elementor-element-c4ac993 elementor-widget elementor-widget-text-editor\" data-id=\"c4ac993\" data-element_type=\"widget\" data-widget_type=\"text-editor.default\">\n\t\t\t\t<div class=\"elementor-widget-container\">\n\t\t\t\t\t\t\t<p><span style=\"color: #5f5f5f;\"><strong>SKU<\/strong> : 002<\/span><br \/><span style=\"color: #5f5f5f;\"><strong>Cat\u00e9gorie<\/strong> : Herbe<\/span><br \/><span style=\"color: #5f5f5f;\"><strong>Tag<\/strong> : Synth\u00e9tique<\/span><\/p>\t\t\t\t\t\t<\/div>\n\t\t\t\t<\/div>\n\t\t\t\t<div class=\"elementor-element elementor-element-fa6d17d elementor-widget elementor-widget-heading\" data-id=\"fa6d17d\" data-element_type=\"widget\" data-widget_type=\"heading.default\">\n\t\t\t\t<div class=\"elementor-widget-container\">\n\t\t\t<h2 class=\"elementor-heading-title elementor-size-default\">DESCRIPTION<\/h2>\t\t<\/div>\n\t\t\t\t<\/div>\n\t\t\t\t<div class=\"elementor-element elementor-element-d88293c elementor-widget elementor-widget-text-editor\" data-id=\"d88293c\" data-element_type=\"widget\" data-widget_type=\"text-editor.default\">\n\t\t\t\t<div class=\"elementor-widget-container\">\n\t\t\t\t\t\t\t<p><strong>Dimension du gazon :<\/strong><\/p><p>Poids : 0.66 livres par m\u00b2.<\/p><p><strong>Caract\u00e9ristiques techniques :<\/strong><\/p><ul><li>Hauteur : 45mm<\/li><li>Couleur : \u00e9meraude et olive<\/li><li>Structure : Monofilament Monofilament<\/li><li>Forme du fil : S<\/li><li>Garantie : 12 ans<\/li><li>Composition : PE<\/li><li>Dtex : 16400<\/li><li>Epaisseur de la bande : 300-320\u00bcm<\/li><li>Nombre de brins par touffe : 141<\/li><li>Points par m2 : 14700100<\/li><li>Jauge : 3\/8<\/li><li>Points par 10 cm : 141<\/li><li>Poids total du fil : 72 Oz\/sq.yd<\/li><li>Support primaire : Double 100% PP stabilis\u00e9 aux UV<\/li><li>Support secondaire : Polyur\u00e9thane<\/li><li>Poids total de la moquette : 98 oz\/m\u00b2.<\/li><li>Perm\u00e9abilit\u00e9 \u00e0 l&rsquo;eau de la moquette : 2000MM\/HR<\/li><\/ul>\t\t\t\t\t\t<\/div>\n\t\t\t\t<\/div>\n\t\t\t\t\t<\/div>\n\t\t\t\t<\/div>\n\t\t\t\t\t<\/div>\n\t\t\t\t<\/div>\n\t\t<div class=\"elementor-element elementor-element-6ffc170 e-flex e-con-boxed e-con e-parent\" data-id=\"6ffc170\" data-element_type=\"container\" data-settings=\"{&quot;content_width&quot;:&quot;boxed&quot;}\" data-core-v316-plus=\"true\">\n\t\t\t\t\t<div class=\"e-con-inner\">\n\t\t\t\t<div class=\"elementor-element elementor-element-384b427 elementor-widget elementor-widget-heading\" data-id=\"384b427\" data-element_type=\"widget\" data-widget_type=\"heading.default\">\n\t\t\t\t<div class=\"elementor-widget-container\">\n\t\t\t<h2 class=\"elementor-heading-title elementor-size-default\">Produits similaires<\/h2>\t\t<\/div>\n\t\t\t\t<\/div>\n\t\t\t\t\t<\/div>\n\t\t\t\t<\/div>\n\t\t<div class=\"elementor-element elementor-element-eef6f82 e-flex e-con-boxed e-con e-parent\" data-id=\"eef6f82\" data-element_type=\"container\" data-settings=\"{&quot;content_width&quot;:&quot;boxed&quot;}\" data-core-v316-plus=\"true\">\n\t\t\t\t\t<div class=\"e-con-inner\">\n\t\t<div class=\"elementor-element elementor-element-ebd28a8 e-con-full e-flex e-con e-child\" data-id=\"ebd28a8\" data-element_type=\"container\" data-settings=\"{&quot;content_width&quot;:&quot;full&quot;}\">\n\t\t\t\t<div class=\"elementor-element elementor-element-878b2f0 elementor-position-top elementor-widget elementor-widget-image-box\" data-id=\"878b2f0\" data-element_type=\"widget\" data-widget_type=\"image-box.default\">\n\t\t\t\t<div class=\"elementor-widget-container\">\n\t\t\t<style>\/*! elementor - v3.16.0 - 20-09-2023 *\/\n.elementor-widget-image-box .elementor-image-box-content{width:100%}@media (min-width:768px){.elementor-widget-image-box.elementor-position-left .elementor-image-box-wrapper,.elementor-widget-image-box.elementor-position-right .elementor-image-box-wrapper{display:flex}.elementor-widget-image-box.elementor-position-right .elementor-image-box-wrapper{text-align:right;flex-direction:row-reverse}.elementor-widget-image-box.elementor-position-left .elementor-image-box-wrapper{text-align:left;flex-direction:row}.elementor-widget-image-box.elementor-position-top .elementor-image-box-img{margin:auto}.elementor-widget-image-box.elementor-vertical-align-top .elementor-image-box-wrapper{align-items:flex-start}.elementor-widget-image-box.elementor-vertical-align-middle .elementor-image-box-wrapper{align-items:center}.elementor-widget-image-box.elementor-vertical-align-bottom .elementor-image-box-wrapper{align-items:flex-end}}@media (max-width:767px){.elementor-widget-image-box .elementor-image-box-img{margin-left:auto!important;margin-right:auto!important;margin-bottom:15px}}.elementor-widget-image-box .elementor-image-box-img{display:inline-block}.elementor-widget-image-box .elementor-image-box-title a{color:inherit}.elementor-widget-image-box .elementor-image-box-wrapper{text-align:center}.elementor-widget-image-box .elementor-image-box-description{margin:0}<\/style><div class=\"elementor-image-box-wrapper\"><figure class=\"elementor-image-box-img\"><a href=\"\/fr\/bona-soft-38-mm-grass\/\" tabindex=\"-1\"><img decoding=\"async\" src=\"https:\/\/bonanzaturf.b-cdn.net\/wp-content\/uploads\/elementor\/thumbs\/2-scaled-e1696981784638-qe3gbp1552mpr8tthic1xl0g2b55ljtf3i9wuitcjc.jpg\" title=\"2\" alt=\"2\" loading=\"lazy\" \/><\/a><\/figure><div class=\"elementor-image-box-content\"><p class=\"elementor-image-box-title\"><a href=\"\/fr\/bona-soft-38-mm-grass\/\">Herbe<\/a><\/p><p class=\"elementor-image-box-description\">Gazon Bona soft 38mm<\/p><\/div><\/div>\t\t<\/div>\n\t\t\t\t<\/div>\n\t\t\t\t<div class=\"elementor-element elementor-element-961d0df elementor-position-top elementor-widget elementor-widget-image-box\" data-id=\"961d0df\" data-element_type=\"widget\" data-widget_type=\"image-box.default\">\n\t\t\t\t<div class=\"elementor-widget-container\">\n\t\t\t<div class=\"elementor-image-box-wrapper\"><figure class=\"elementor-image-box-img\"><a href=\"\/fr\/bona-garden-38-mm-grass\/\" tabindex=\"-1\"><img decoding=\"async\" src=\"https:\/\/bonanzaturf.b-cdn.net\/wp-content\/uploads\/elementor\/thumbs\/Bona-Garden-38-mm-5-1240-930-qe3gb4coypuentnuu9e9eq8aztz2w7jbonx8afo0c8.jpg\" title=\"Bona Garden 38 mm-5-1240-930\" alt=\"Bona Garden 38 mm-5-1240-930\" loading=\"lazy\" \/><\/a><\/figure><div class=\"elementor-image-box-content\"><p class=\"elementor-image-box-title\"><a href=\"\/fr\/bona-garden-38-mm-grass\/\">Herbe<\/a><\/p><p class=\"elementor-image-box-description\">Gazon Bona Garden 38mm<\/p><\/div><\/div>\t\t<\/div>\n\t\t\t\t<\/div>\n\t\t\t\t<\/div>\n\t\t<div class=\"elementor-element elementor-element-936d4d0 e-con-full e-flex e-con e-child\" data-id=\"936d4d0\" data-element_type=\"container\" data-settings=\"{&quot;content_width&quot;:&quot;full&quot;}\">\n\t\t\t\t<\/div>\n\t\t\t\t\t<\/div>\n\t\t\t\t<\/div>\n\t\t\t\t\t\t\t<\/div>\n\t\t","protected":false},"excerpt":{"rendered":"<p>Produits de gazon artificiel Gazon Bona Garden 45 mm Id\u00e9al pour les arri\u00e8re-cours et les terrains de jeux, ce mod\u00e8le est parfait pour les enfants et les chiens et ne n\u00e9cessite aucun entretien. Il est tr\u00e8s r\u00e9sistant et id\u00e9al pour les zones \u00e0 fort trafic&#8230;<\/p>\n","protected":false},"author":4,"featured_media":0,"parent":0,"menu_order":0,"comment_status":"closed","ping_status":"closed","template":"elementor_header_footer","meta":{"footnotes":""},"class_list":["post-1306","page","type-page","status-publish","hentry"],"yoast_head":"<!-- This site is optimized with the Yoast SEO plugin v22.7 - https:\/\/yoast.com\/wordpress\/plugins\/seo\/ -->\n<title>Bona Garden 45 mm Grass - Bonanza Turf - artificial grass<\/title>\n<meta name=\"robots\" content=\"index, follow, max-snippet:-1, max-image-preview:large, max-video-preview:-1\" \/>\n<link rel=\"canonical\" href=\"https:\/\/www.bonanzaturf.com\/fr\/bona-garden-45-mm-grass\/\" \/>\n<meta property=\"og:locale\" content=\"fr_FR\" \/>\n<meta property=\"og:type\" content=\"article\" \/>\n<meta property=\"og:title\" content=\"Bona Garden 45 mm Grass - Bonanza Turf - artificial grass\" \/>\n<meta property=\"og:description\" content=\"Produits de gazon artificiel Gazon Bona Garden 45 mm Id\u00e9al pour les arri\u00e8re-cours et les terrains de jeux, ce mod\u00e8le est parfait pour les enfants et les chiens et ne n\u00e9cessite aucun entretien. Il est tr\u00e8s r\u00e9sistant et id\u00e9al pour les zones \u00e0 fort trafic...\" \/>\n<meta property=\"og:url\" content=\"https:\/\/www.bonanzaturf.com\/fr\/bona-garden-45-mm-grass\/\" \/>\n<meta property=\"og:site_name\" content=\"Bonanza Turf - artificial grass\" \/>\n<meta property=\"article:modified_time\" content=\"2025-05-09T17:57:22+00:00\" \/>\n<meta property=\"og:image\" content=\"https:\/\/bonanzaturf.b-cdn.net\/wp-content\/uploads\/2018\/05\/Bona-Garden-38-mm-5-1024x768.jpg\" \/>\n<meta name=\"twitter:card\" content=\"summary_large_image\" \/>\n<meta name=\"twitter:label1\" content=\"Dur\u00e9e de lecture estim\u00e9e\" \/>\n\t<meta name=\"twitter:data1\" content=\"2 minutes\" \/>\n<script type=\"application\/ld+json\" class=\"yoast-schema-graph\">{\"@context\":\"https:\/\/schema.org\",\"@graph\":[{\"@type\":\"WebPage\",\"@id\":\"https:\/\/www.bonanzaturf.com\/fr\/bona-garden-45-mm-grass\/\",\"url\":\"https:\/\/www.bonanzaturf.com\/fr\/bona-garden-45-mm-grass\/\",\"name\":\"Bona Garden 45 mm Grass - Bonanza Turf - artificial grass\",\"isPartOf\":{\"@id\":\"https:\/\/www.bonanzaturf.com\/fr\/#website\"},\"primaryImageOfPage\":{\"@id\":\"https:\/\/www.bonanzaturf.com\/fr\/bona-garden-45-mm-grass\/#primaryimage\"},\"image\":{\"@id\":\"https:\/\/www.bonanzaturf.com\/fr\/bona-garden-45-mm-grass\/#primaryimage\"},\"thumbnailUrl\":\"https:\/\/bonanzaturf.b-cdn.net\/wp-content\/uploads\/2018\/05\/Bona-Garden-38-mm-5-1024x768.jpg\",\"datePublished\":\"2025-03-27T05:07:52+00:00\",\"dateModified\":\"2025-05-09T17:57:22+00:00\",\"breadcrumb\":{\"@id\":\"https:\/\/www.bonanzaturf.com\/fr\/bona-garden-45-mm-grass\/#breadcrumb\"},\"inLanguage\":\"fr-FR\",\"potentialAction\":[{\"@type\":\"ReadAction\",\"target\":[\"https:\/\/www.bonanzaturf.com\/fr\/bona-garden-45-mm-grass\/\"]}]},{\"@type\":\"ImageObject\",\"inLanguage\":\"fr-FR\",\"@id\":\"https:\/\/www.bonanzaturf.com\/fr\/bona-garden-45-mm-grass\/#primaryimage\",\"url\":\"https:\/\/bonanzaturf.b-cdn.net\/wp-content\/uploads\/2018\/05\/Bona-Garden-38-mm-5-1024x768.jpg\",\"contentUrl\":\"https:\/\/bonanzaturf.b-cdn.net\/wp-content\/uploads\/2018\/05\/Bona-Garden-38-mm-5-1024x768.jpg\"},{\"@type\":\"BreadcrumbList\",\"@id\":\"https:\/\/www.bonanzaturf.com\/fr\/bona-garden-45-mm-grass\/#breadcrumb\",\"itemListElement\":[{\"@type\":\"ListItem\",\"position\":1,\"name\":\"Home\",\"item\":\"https:\/\/www.bonanzaturf.com\/fr\/\"},{\"@type\":\"ListItem\",\"position\":2,\"name\":\"Bona Garden 45 mm Grass\"}]},{\"@type\":\"WebSite\",\"@id\":\"https:\/\/www.bonanzaturf.com\/fr\/#website\",\"url\":\"https:\/\/www.bonanzaturf.com\/fr\/\",\"name\":\"Bonanza Turf - artificial grass\",\"description\":\"Synthetic Turf - Synthetic grass installation\",\"publisher\":{\"@id\":\"https:\/\/www.bonanzaturf.com\/fr\/#organization\"},\"potentialAction\":[{\"@type\":\"SearchAction\",\"target\":{\"@type\":\"EntryPoint\",\"urlTemplate\":\"https:\/\/www.bonanzaturf.com\/fr\/?s={search_term_string}\"},\"query-input\":\"required name=search_term_string\"}],\"inLanguage\":\"fr-FR\"},{\"@type\":\"Organization\",\"@id\":\"https:\/\/www.bonanzaturf.com\/fr\/#organization\",\"name\":\"Bonanza Turf\",\"url\":\"https:\/\/www.bonanzaturf.com\/fr\/\",\"logo\":{\"@type\":\"ImageObject\",\"inLanguage\":\"fr-FR\",\"@id\":\"https:\/\/www.bonanzaturf.com\/fr\/#\/schema\/logo\/image\/\",\"url\":\"http:\/\/bonanzaturf.com\/wp-content\/uploads\/2021\/09\/LOGO-HEADER_BONANZA-GRASS-CANADA.png\",\"contentUrl\":\"http:\/\/bonanzaturf.com\/wp-content\/uploads\/2021\/09\/LOGO-HEADER_BONANZA-GRASS-CANADA.png\",\"width\":300,\"height\":128,\"caption\":\"Bonanza Turf\"},\"image\":{\"@id\":\"https:\/\/www.bonanzaturf.com\/fr\/#\/schema\/logo\/image\/\"}}]}<\/script>\n<!-- \/ Yoast SEO plugin. -->","yoast_head_json":{"title":"Bona Garden 45 mm Grass - Bonanza Turf - artificial grass","robots":{"index":"index","follow":"follow","max-snippet":"max-snippet:-1","max-image-preview":"max-image-preview:large","max-video-preview":"max-video-preview:-1"},"canonical":"https:\/\/www.bonanzaturf.com\/fr\/bona-garden-45-mm-grass\/","og_locale":"fr_FR","og_type":"article","og_title":"Bona Garden 45 mm Grass - Bonanza Turf - artificial grass","og_description":"Produits de gazon artificiel Gazon Bona Garden 45 mm Id\u00e9al pour les arri\u00e8re-cours et les terrains de jeux, ce mod\u00e8le est parfait pour les enfants et les chiens et ne n\u00e9cessite aucun entretien. Il est tr\u00e8s r\u00e9sistant et id\u00e9al pour les zones \u00e0 fort trafic...","og_url":"https:\/\/www.bonanzaturf.com\/fr\/bona-garden-45-mm-grass\/","og_site_name":"Bonanza Turf - artificial grass","article_modified_time":"2025-05-09T17:57:22+00:00","og_image":[{"url":"https:\/\/bonanzaturf.b-cdn.net\/wp-content\/uploads\/2018\/05\/Bona-Garden-38-mm-5-1024x768.jpg"}],"twitter_card":"summary_large_image","twitter_misc":{"Dur\u00e9e de lecture estim\u00e9e":"2 minutes"},"schema":{"@context":"https:\/\/schema.org","@graph":[{"@type":"WebPage","@id":"https:\/\/www.bonanzaturf.com\/fr\/bona-garden-45-mm-grass\/","url":"https:\/\/www.bonanzaturf.com\/fr\/bona-garden-45-mm-grass\/","name":"Bona Garden 45 mm Grass - Bonanza Turf - artificial grass","isPartOf":{"@id":"https:\/\/www.bonanzaturf.com\/fr\/#website"},"primaryImageOfPage":{"@id":"https:\/\/www.bonanzaturf.com\/fr\/bona-garden-45-mm-grass\/#primaryimage"},"image":{"@id":"https:\/\/www.bonanzaturf.com\/fr\/bona-garden-45-mm-grass\/#primaryimage"},"thumbnailUrl":"https:\/\/bonanzaturf.b-cdn.net\/wp-content\/uploads\/2018\/05\/Bona-Garden-38-mm-5-1024x768.jpg","datePublished":"2025-03-27T05:07:52+00:00","dateModified":"2025-05-09T17:57:22+00:00","breadcrumb":{"@id":"https:\/\/www.bonanzaturf.com\/fr\/bona-garden-45-mm-grass\/#breadcrumb"},"inLanguage":"fr-FR","potentialAction":[{"@type":"ReadAction","target":["https:\/\/www.bonanzaturf.com\/fr\/bona-garden-45-mm-grass\/"]}]},{"@type":"ImageObject","inLanguage":"fr-FR","@id":"https:\/\/www.bonanzaturf.com\/fr\/bona-garden-45-mm-grass\/#primaryimage","url":"https:\/\/bonanzaturf.b-cdn.net\/wp-content\/uploads\/2018\/05\/Bona-Garden-38-mm-5-1024x768.jpg","contentUrl":"https:\/\/bonanzaturf.b-cdn.net\/wp-content\/uploads\/2018\/05\/Bona-Garden-38-mm-5-1024x768.jpg"},{"@type":"BreadcrumbList","@id":"https:\/\/www.bonanzaturf.com\/fr\/bona-garden-45-mm-grass\/#breadcrumb","itemListElement":[{"@type":"ListItem","position":1,"name":"Home","item":"https:\/\/www.bonanzaturf.com\/fr\/"},{"@type":"ListItem","position":2,"name":"Bona Garden 45 mm Grass"}]},{"@type":"WebSite","@id":"https:\/\/www.bonanzaturf.com\/fr\/#website","url":"https:\/\/www.bonanzaturf.com\/fr\/","name":"Bonanza Turf - artificial grass","description":"Synthetic Turf - Synthetic grass installation","publisher":{"@id":"https:\/\/www.bonanzaturf.com\/fr\/#organization"},"potentialAction":[{"@type":"SearchAction","target":{"@type":"EntryPoint","urlTemplate":"https:\/\/www.bonanzaturf.com\/fr\/?s={search_term_string}"},"query-input":"required name=search_term_string"}],"inLanguage":"fr-FR"},{"@type":"Organization","@id":"https:\/\/www.bonanzaturf.com\/fr\/#organization","name":"Bonanza Turf","url":"https:\/\/www.bonanzaturf.com\/fr\/","logo":{"@type":"ImageObject","inLanguage":"fr-FR","@id":"https:\/\/www.bonanzaturf.com\/fr\/#\/schema\/logo\/image\/","url":"http:\/\/bonanzaturf.com\/wp-content\/uploads\/2021\/09\/LOGO-HEADER_BONANZA-GRASS-CANADA.png","contentUrl":"http:\/\/bonanzaturf.com\/wp-content\/uploads\/2021\/09\/LOGO-HEADER_BONANZA-GRASS-CANADA.png","width":300,"height":128,"caption":"Bonanza Turf"},"image":{"@id":"https:\/\/www.bonanzaturf.com\/fr\/#\/schema\/logo\/image\/"}}]}},"_links":{"self":[{"href":"https:\/\/www.bonanzaturf.com\/fr\/wp-json\/wp\/v2\/pages\/1306","targetHints":{"allow":["GET"]}}],"collection":[{"href":"https:\/\/www.bonanzaturf.com\/fr\/wp-json\/wp\/v2\/pages"}],"about":[{"href":"https:\/\/www.bonanzaturf.com\/fr\/wp-json\/wp\/v2\/types\/page"}],"author":[{"embeddable":true,"href":"https:\/\/www.bonanzaturf.com\/fr\/wp-json\/wp\/v2\/users\/4"}],"replies":[{"embeddable":true,"href":"https:\/\/www.bonanzaturf.com\/fr\/wp-json\/wp\/v2\/comments?post=1306"}],"version-history":[{"count":12,"href":"https:\/\/www.bonanzaturf.com\/fr\/wp-json\/wp\/v2\/pages\/1306\/revisions"}],"predecessor-version":[{"id":1383,"href":"https:\/\/www.bonanzaturf.com\/fr\/wp-json\/wp\/v2\/pages\/1306\/revisions\/1383"}],"wp:attachment":[{"href":"https:\/\/www.bonanzaturf.com\/fr\/wp-json\/wp\/v2\/media?parent=1306"}],"curies":[{"name":"wp","href":"https:\/\/api.w.org\/{rel}","templated":true}]}}